{"id":1064,"date":"2022-05-07T21:42:11","date_gmt":"2022-05-07T19:42:11","guid":{"rendered":"https:\/\/hristasherbs.com\/terms-of-delivery\/"},"modified":"2023-10-22T18:26:28","modified_gmt":"2023-10-22T15:26:28","slug":"terms-of-delivery","status":"publish","type":"page","link":"https:\/\/hristasherbs.com\/en\/terms-of-delivery\/","title":{"rendered":"Terms of delivery"},"content":{"rendered":"<p>Hrista\u2019s Herbs is a marketing name owned by SS Clio Komers Oy.<\/p>\n<p>SS Clio Komers Oy sells products under the name Hrista\u2019s Herbs to companies and adults in the EU.<br \/>\nThese delivery terms apply for ordering products in our online store and for the corresponding deliveries.<\/p>\n<p>These delivery terms are valid as of February 1, 2021. Product prices include VAT. We reserve the right to change the terms of the contract at any time without notice. It is the customer&#8217;s responsibility to read the delivery terms before placing the order.<br \/>\nThe seller is responsible for all obligations related to the transaction.<\/p>\n<p>Payment<\/p>\n<p>The payment intermediary for the online store is Visma Pay (Paybyway Oy, business ID 2486559-4), which is registered in the register of payment institutions maintained by the Financial Supervisory Authority. Payment is made via Visma Pay&#8217;s online service and Visma Pay or Paybyway Oy is shown as the recipient in the account statement and invoice.<br \/>\nVisma Pay forwards payments to the online merchant. Payment is secure, as all information about the payment transaction is transmitted using an encrypted connection so that no third party can see the details of the payment transaction. The transaction is between the online store`s customer and online store. The online store is responsible for all obligations related to the transaction. The online store is responsible for all obligations related to the transaction.<br \/>\nRead more about Visma Pay: https:\/\/www.visma.fi\/vismapay\/<\/p>\n<p>Payment methods<\/p>\n<p>Through the Visma Pay service, you can pay with online banking IDs, wallets, payment cards (credit \/ debit), invoices or installments. The following payment methods are available: Osuuspankki, Nordea, Danske Bank, Oma S\u00e4\u00e4st\u00f6pankki, S\u00e4\u00e4st\u00f6pankki, Aktia, Local Cooperative Banks, S-Bank, Handelsbanken, \u00c5landsbanken, MobilePay, Masterpass, Pivo, Visa, Visa Debit, Visa Electron, MasterCard and Debit MasterCard cards, as well as Flexibility and Enterpay Invoice for the company.<\/p>\n<p>MobilePay: You can pay with your MobilePay wallet if you have allowed online payments from the application settings. Payments made with MobilePay will be charged to the debit card attached to the wallet. If the debit of the payment card fails, it will not be possible to pay with the MobilePay wallet in the online store.<\/p>\n<p>Pivo: The terms of use are available on Pivo&#8217;s website: https:\/\/pivo.fi\/<\/p>\n<p>Flexibility Invoice: The terms of use are available here www.jousto.com (In finnish)<\/p>\n<p>Contact information for the Visma Pay payment service<br \/>\nVisma Pay, Paybyway Oy (Business ID 2486559-4)<br \/>\nEmail: helpdesk@vismapay.com<br \/>\nPhone: 09 315 42 037 (weekdays from 9 am to 5 pm)<br \/>\nPostal address: Laserkatu 6, 53850 Lappeenranta<\/p>\n<p>If you save your information, the purchase will be even smoother next time.<br \/>\nThe Invoice option is only available for separately agreed reseller company customers. An invoice surcharge of \u20ac 8 is added to the invoice.<\/p>\n<p>Delivery methods<\/p>\n<p>We deliver the products by post.<\/p>\n<p>Shipping costs:<\/p>\n<p>Postal parcel 6.99 \u20ac<br \/>\nHome parcel 12.99\u20ac<br \/>\nPickup Point parcel 5.99<br \/>\nFree shipping on orders over 50 \u20ac<\/p>\n<p>Delivery costs are negotiated separately with retailers.<\/p>\n<p>Delivery time<\/p>\n<p>Delivery time 3-7 days. Please note that during the high season, orders may require a longer delivery time (Mother&#8217;s Day, Father&#8217;s Day, Christmas, Spring Graduation, etc.). We can not affect any delays in post delivery.<\/p>\n<p>Order and payment confirmation<\/p>\n<p>After a successful order, an order confirmation will be sent to your email, so please provide your email address when placing your order. The order confirmation also confirms the payment method used.<br \/>\nIf for any unexpected reason we are unable to confirm your order, we will notify you by email as soon as possible.<\/p>\n<p>Uncollected packages<br \/>\nAll actual shipping costs for non-picked up packages, as well as other costs, will be charged to the customer before the refund.<\/p>\n<p>Product return<\/p>\n<p>Products have no right of return.<\/p>\n<p>Shipments damaged during delivery<\/p>\n<p>Please check the condition of the package and any damage upon collection. Despite careful packaging, the post does not always deliver all packages intact. If the shipment is damaged in transit, report the damage to your post office immediately upon collection. After that, also contact your merchant and we will arrange the delivery of the new product.<\/p>\n<p>All our orders are subject to a seven-day return policy for unopened packaging in accordance with the Consumer Protection Act.<\/p>\n<p>Force Majeure<br \/>\nWe will not be liable for any delays caused by force majeure or for any indirect inconvenience caused by delayed delivery.<\/p>\n<p>Action in the event of a dispute<\/p>\n<p>Our primary goal is to ensure that no disputes arise. However, if such a situation arises for any reason, any disagreement should be resolved through consultations between the parties. If the dispute concerning the sales contract cannot be resolved through negotiations between the parties, the consumer may refer the matter to the Consumer Disputes Board (www.kuluttajariita.fi). Before taking the matter to the Consumer Disputes Board, the consumer must contact the Consumer Advice of the Local Register Office (www.kuluttajaneuvonta.fi).<\/p>\n<p>Contact information<\/p>\n<p>For all matters related to orders, please contact us as follows:<br \/>\n&#8211; Email hrista@hristasherbs.com<br \/>\nIf you don&#8217;t get a response to your message, first check your spam to make sure there is no response left.<br \/>\n&#8211; By phone on +358 445 173 502<br \/>\n&#8211; Company: SS Clio Komers<br \/>\n&#8211; Website: hristasherbs.com<br \/>\n&#8211; Business ID 2962850-4<\/p>\n<p>We reserve the right to change the terms of the contract at any time, without notice. It is the customer&#8217;s responsibility to read the delivery terms before placing the order.<\/p>\n<p>&nbsp;<\/p>\n","protected":false},"excerpt":{"rendered":"<p>Hrista\u2019s Herbs is a marketing name owned by SS Clio Komers Oy. SS Clio Komers Oy sells products under the name Hrista\u2019s Herbs to companies and adults in the EU. These delivery terms apply for ordering products in our online store and for the corresponding deliveries. These delivery terms are valid as of February 1, [&hellip;]<\/p>\n","protected":false},"author":48,"featured_media":0,"parent":0,"menu_order":0,"comment_status":"closed","ping_status":"closed","template":"","meta":{"_et_pb_use_builder":"off","_et_pb_old_content":"","_et_gb_content_width":"","_eb_attr":"","_themeisle_gutenberg_block_has_review":false,"footnotes":""},"class_list":["post-1064","page","type-page","status-publish","hentry"],"_links":{"self":[{"href":"https:\/\/hristasherbs.com\/en\/wp-json\/wp\/v2\/pages\/1064","targetHints":{"allow":["GET"]}}],"collection":[{"href":"https:\/\/hristasherbs.com\/en\/wp-json\/wp\/v2\/pages"}],"about":[{"href":"https:\/\/hristasherbs.com\/en\/wp-json\/wp\/v2\/types\/page"}],"author":[{"embeddable":true,"href":"https:\/\/hristasherbs.com\/en\/wp-json\/wp\/v2\/users\/48"}],"replies":[{"embeddable":true,"href":"https:\/\/hristasherbs.com\/en\/wp-json\/wp\/v2\/comments?post=1064"}],"version-history":[{"count":1,"href":"https:\/\/hristasherbs.com\/en\/wp-json\/wp\/v2\/pages\/1064\/revisions"}],"predecessor-version":[{"id":1904,"href":"https:\/\/hristasherbs.com\/en\/wp-json\/wp\/v2\/pages\/1064\/revisions\/1904"}],"wp:attachment":[{"href":"https:\/\/hristasherbs.com\/en\/wp-json\/wp\/v2\/media?parent=1064"}],"curies":[{"name":"wp","href":"https:\/\/api.w.org\/{rel}","templated":true}]}}